{"id":202,"date":"2021-07-31T22:26:35","date_gmt":"2021-07-31T20:26:35","guid":{"rendered":"https:\/\/biozevtika.de\/?page_id=202"},"modified":"2024-05-28T11:15:11","modified_gmt":"2024-05-28T09:15:11","slug":"ueber-uns","status":"publish","type":"page","link":"https:\/\/biozevtika.de\/de\/ueber-uns\/","title":{"rendered":"\u00dcber uns"},"content":{"rendered":"\n<p>&#8222;Biozevtika&#8220; (Baruch GmbH) ist ein modernes Industrieunternehmen mit einzigartiger Ausr\u00fcstung zur Herstellung von CO2-Extrakten, \u00d6lextrakten, Wasser-Propylenglykol, Wasser-Glycerin, Wasser-Butylenglykol und Wasserextrakten aus pflanzlichen Rohstoffen. Das Unternehmen wurde 2006 gegr\u00fcndet und ist heute bereit, unseren Partnern eine sehr bequeme, f\u00fcr beide Seiten vorteilhafte und fruchtbare Zusammenarbeit anzubieten. Wir verfolgen einen grundlegenden Ansatz sowohl bei der Herstellung als auch bei der Qualit\u00e4t unserer Produkte, indem wir die besten Experten- und Analysezentren in ihre Bewertung einbeziehen. Unsere Produkte sind einzigartig in ihren Eigenschaften und Qualit\u00e4t, was unseren Partnern die beste Position im Markt verschafft, da immer eine stabile und langfristige Nachfrage nach einem Qualit\u00e4tsprodukt bestehen wird.<\/p>\n\n\n\n<p>Unser Unternehmen hat einzigartige Technologien entwickelt, wodurch alle unsere Produkte im Vergleich zu den auf dem Markt angebotenen Gegenst\u00fccken sehr g\u00fcnstig sind und folgende Vorteile haben:<\/p>\n\n\n\n<ul class=\"wp-block-list\">\n<li>Nat\u00fcrlichkeit, basierend auf der vollst\u00e4ndigen Erhaltung der biologischen Eigenschaften des gesamten Bouquets der extrahierbaren Substanzen, wird erreicht durch das Fehlen von chemischen Einfl\u00fcssen und Temperaturschwankungen.<\/li>\n<\/ul>\n\n\n\n<ul class=\"wp-block-list\">\n<li>Eine hohe Ausbeute an biologisch aktiven Verbindungen vom Rohstoff bis hin zum Extrakt, die erreicht wird durch High-Tech-Niedertemperatur-Extraktion, einzigartige Rohstoffaufbereitung und dem Einsatz von Ultraschall mit einer speziell ausgew\u00e4hlten Frequenz. Der Gehalt an gel\u00f6sten Feststoffen ist 2-3 mal h\u00f6her als der von Analoga, die mit konventioneller Technologie gewonnen werden, zu einem Preis gleich oder niedriger als der Preis \u00e4hnlicher Produkte auf dem Markt.<\/li>\n<\/ul>\n\n\n\n<ul class=\"wp-block-list\">\n<li>Hochwertige Produkte. Unsere Technologien erm\u00f6glichen es Ihnen, das gesamte Spektrum an funktionellen Substanzen vollst\u00e4ndig zu extrahieren, von Ballastverunreinigungen zu reinigen, hydrophile und lipophile Fraktionen zu trennen sowie eine vollst\u00e4ndige antibakterielle Behandlung unserer Produkte durchzuf\u00fchren.<\/li>\n<\/ul>\n\n\n\n<ul class=\"wp-block-list\">\n<li>Die st\u00e4ndige wissenschaftliche Laborarbeit zur Untersuchung der Eigenschaften von Extrakten. Die Ergebnisse von bereits durchgef\u00fchrten und vielversprechenden wissenschaftlichen Laborstudien unserer Extrakte k\u00f6nnen unseren regul\u00e4ren Partnern zur Verf\u00fcgung gestellt werden.<\/li>\n<\/ul>\n\n\n\n<ul class=\"wp-block-list\">\n<li>Eine flexible Logistik, die es Ihnen erm\u00f6glicht, schnell auf jede Art von extrahierbarem Rohstoff umzustellen, ohne Sch\u00e4den oder Verz\u00f6gerungen f\u00fcr den Kunden zu verursachen.<\/li>\n<\/ul>\n\n\n\n<ul class=\"wp-block-list\">\n<li>Alle unsere Extrakte sind ausnahmslos nat\u00fcrlich und werden f\u00fcr die Herstellung verschiedener Produkte (Pharmazeutika, Kosmetik, Parf\u00fcmerie, Lebensmittel, aber auch Getr\u00e4nke) als aromatisierende, aromatische und funktionelle Inhaltsstoffe verwendet. <\/li>\n<\/ul>\n\n\n\n<ul class=\"wp-block-list\">\n<li>F\u00fcr alle unsere Produkte haben wir in den \u201eTechnischen Bedingungen\u201c Kriterien definiert und konsolidiert, die es uns erm\u00f6glichen, die Qualit\u00e4t und Authentizit\u00e4t unserer Extrakte zu bestimmen.<\/li>\n<\/ul>\n\n\n\n<ul class=\"wp-block-list\">\n<li>Wir sind bereit, Ihnen bei der Auswahl des Extrakts zu helfen, der Ihre Probleme in Bezug auf die Funktionalit\u00e4t Ihres Produkts l\u00f6st, und Sie k\u00f6nnen jederzeit von unserem Unternehmen hergestellte CO2-Extrakte kaufen, die wirklich funktionieren und gleichzeitig Geld sparen.<\/li>\n<\/ul>\n\n\n\n<figure class=\"wp-block-embed aligncenter is-type-video is-provider-youtube wp-block-embed-youtube wp-embed-aspect-16-9 wp-has-aspect-ratio\"><div class=\"wp-block-embed__wrapper\">\n<iframe loading=\"lazy\" title=\"FILE 2024 05 28 10:51:22\" width=\"640\" height=\"360\" src=\"https:\/\/www.youtube-nocookie.com\/embed\/P2bObA1INH4?feature=oembed&#038;showinfo=0\" frameborder=\"0\" allow=\"accelerometer; autoplay; clipboard-write; encrypted-media; gyroscope; picture-in-picture; web-share\" referrerpolicy=\"strict-origin-when-cross-origin\" allowfullscreen><\/iframe>\n<\/div><\/figure>\n","protected":false},"excerpt":{"rendered":"<p>&#8222;Biozevtika&#8220; (Baruch GmbH) ist ein modernes Industrieunternehmen mit einzigartiger Ausr\u00fcstung zur Herstellung von CO2-Extrakten, \u00d6lextrakten, Wasser-Propylenglykol, Wasser-Glycerin, Wasser-Butylenglykol und Wasserextrakten aus pflanzlichen Rohstoffen. Das Unternehmen wurde 2006 gegr\u00fcndet und ist heute bereit, unseren Partnern eine sehr bequeme, f\u00fcr beide Seiten vorteilhafte und fruchtbare Zusammenarbeit anzubieten. Wir verfolgen einen grundlegenden Ansatz sowohl bei der Herstellung als [&hellip;]<\/p>\n","protected":false},"author":1,"featured_media":2115,"parent":0,"menu_order":0,"comment_status":"closed","ping_status":"closed","template":"","meta":{"_editorskit_title_hidden":false,"_editorskit_reading_time":2,"_editorskit_is_block_options_detached":false,"_editorskit_block_options_position":"{}","footnotes":""},"class_list":["post-202","page","type-page","status-publish","has-post-thumbnail","hentry"],"_links":{"self":[{"href":"https:\/\/biozevtika.de\/de\/wp-json\/wp\/v2\/pages\/202","targetHints":{"allow":["GET"]}}],"collection":[{"href":"https:\/\/biozevtika.de\/de\/wp-json\/wp\/v2\/pages"}],"about":[{"href":"https:\/\/biozevtika.de\/de\/wp-json\/wp\/v2\/types\/page"}],"author":[{"embeddable":true,"href":"https:\/\/biozevtika.de\/de\/wp-json\/wp\/v2\/users\/1"}],"replies":[{"embeddable":true,"href":"https:\/\/biozevtika.de\/de\/wp-json\/wp\/v2\/comments?post=202"}],"version-history":[{"count":17,"href":"https:\/\/biozevtika.de\/de\/wp-json\/wp\/v2\/pages\/202\/revisions"}],"predecessor-version":[{"id":2292,"href":"https:\/\/biozevtika.de\/de\/wp-json\/wp\/v2\/pages\/202\/revisions\/2292"}],"wp:featuredmedia":[{"embeddable":true,"href":"https:\/\/biozevtika.de\/de\/wp-json\/wp\/v2\/media\/2115"}],"wp:attachment":[{"href":"https:\/\/biozevtika.de\/de\/wp-json\/wp\/v2\/media?parent=202"}],"curies":[{"name":"wp","href":"https:\/\/api.w.org\/{rel}","templated":true}]}}